{"id":2,"date":"2022-12-05T19:51:13","date_gmt":"2022-12-05T19:51:13","guid":{"rendered":"https:\/\/brezina-obrt.hr\/?page_id=2"},"modified":"2024-02-11T17:11:07","modified_gmt":"2024-02-11T17:11:07","slug":"sample-page","status":"publish","type":"page","link":"https:\/\/brezina-obrt.hr\/?page_id=2","title":{"rendered":"Strojevi za vinogradarstvo i poljoprivredu"},"content":{"rendered":"\n<h2 class=\"wp-block-heading has-black-color has-text-color has-background has-link-color wp-elements-9177e05cc8ca9e7c91f64af0b27171ab\" style=\"background-color:#c9f4e6;font-style:normal;font-weight:600\">Pljevilice za vinograd<\/h2>\n\n\n\n<div class=\"wp-block-group has-black-color has-text-color has-link-color wp-elements-68f2c471883bfd5d6c8dccfc2062f6d7\"><div class=\"wp-block-group__inner-container is-layout-constrained wp-block-group-is-layout-constrained\">\n<div class=\"wp-block-columns is-layout-flex wp-container-core-columns-is-layout-9d6595d7 wp-block-columns-is-layout-flex\">\n<div class=\"wp-block-column has-background is-layout-flow wp-block-column-is-layout-flow\" style=\"background-color:#9bfad7;flex-basis:100%\">\n<pre class=\"wp-block-preformatted\"><strong>Model B02<\/strong>\nPrijenos preko kardana traktora\nhidrauli\u010dni posmak u stranu 250mm\ndu\u017eina \u010detke 500mm\n\u0161irina skupljenog stroja 900mm\nkota\u010di za regulaciju visine<\/pre>\n<\/div>\n<\/div>\n<\/div><\/div>\n\n\n\n<figure class=\"wp-block-gallery has-nested-images columns-default is-cropped wp-block-gallery-1 is-layout-flex wp-block-gallery-is-layout-flex\">\n<figure data-wp-context=\"{&quot;imageId&quot;:&quot;69dfdb1a216fb&quot;}\" data-wp-interactive=\"core\/image\" data-wp-key=\"69dfdb1a216fb\" class=\"wp-block-image size-large wp-lightbox-container\"><img loading=\"lazy\" decoding=\"async\" width=\"768\" height=\"1024\" data-wp-class--hide=\"state.isContentHidden\" data-wp-class--show=\"state.isContentVisible\" data-wp-init=\"callbacks.setButtonStyles\" data-wp-on--click=\"actions.showLightbox\" data-wp-on--load=\"callbacks.setButtonStyles\" data-wp-on-window--resize=\"callbacks.setButtonStyles\" data-id=\"85\" src=\"https:\/\/brezina-obrt.hr\/wp-content\/uploads\/2024\/02\/IMG_20230926_082347_resized_20240211_010642241-1-768x1024.jpg\" alt=\"\" class=\"wp-image-85\" srcset=\"https:\/\/brezina-obrt.hr\/wp-content\/uploads\/2024\/02\/IMG_20230926_082347_resized_20240211_010642241-1-768x1024.jpg 768w, https:\/\/brezina-obrt.hr\/wp-content\/uploads\/2024\/02\/IMG_20230926_082347_resized_20240211_010642241-1-225x300.jpg 225w, https:\/\/brezina-obrt.hr\/wp-content\/uploads\/2024\/02\/IMG_20230926_082347_resized_20240211_010642241-1-1152x1536.jpg 1152w, https:\/\/brezina-obrt.hr\/wp-content\/uploads\/2024\/02\/IMG_20230926_082347_resized_20240211_010642241-1-1536x2048.jpg 1536w, https:\/\/brezina-obrt.hr\/wp-content\/uploads\/2024\/02\/IMG_20230926_082347_resized_20240211_010642241-1-1024x1365.jpg 1024w, https:\/\/brezina-obrt.hr\/wp-content\/uploads\/2024\/02\/IMG_20230926_082347_resized_20240211_010642241-1-810x1080.jpg 810w, https:\/\/brezina-obrt.hr\/wp-content\/uploads\/2024\/02\/IMG_20230926_082347_resized_20240211_010642241-1-scaled.jpg 1920w\" sizes=\"auto, (max-width: 768px) 100vw, 768px\" \/><button\n\t\t\tclass=\"lightbox-trigger\"\n\t\t\ttype=\"button\"\n\t\t\taria-haspopup=\"dialog\"\n\t\t\taria-label=\"Uve\u0107aj\"\n\t\t\tdata-wp-init=\"callbacks.initTriggerButton\"\n\t\t\tdata-wp-on--click=\"actions.showLightbox\"\n\t\t\tdata-wp-style--right=\"state.imageButtonRight\"\n\t\t\tdata-wp-style--top=\"state.imageButtonTop\"\n\t\t>\n\t\t\t<svg xmlns=\"http:\/\/www.w3.org\/2000\/svg\" width=\"12\" height=\"12\" fill=\"none\" viewBox=\"0 0 12 12\">\n\t\t\t\t<path fill=\"#fff\" d=\"M2 0a2 2 0 0 0-2 2v2h1.5V2a.5.5 0 0 1 .5-.5h2V0H2Zm2 10.5H2a.5.5 0 0 1-.5-.5V8H0v2a2 2 0 0 0 2 2h2v-1.5ZM8 12v-1.5h2a.5.5 0 0 0 .5-.5V8H12v2a2 2 0 0 1-2 2H8Zm2-12a2 2 0 0 1 2 2v2h-1.5V2a.5.5 0 0 0-.5-.5H8V0h2Z\" \/>\n\t\t\t<\/svg>\n\t\t<\/button><\/figure>\n\n\n\n<figure data-wp-context=\"{&quot;imageId&quot;:&quot;69dfdb1a22122&quot;}\" data-wp-interactive=\"core\/image\" data-wp-key=\"69dfdb1a22122\" class=\"wp-block-image size-large wp-lightbox-container\"><img loading=\"lazy\" decoding=\"async\" width=\"1024\" height=\"768\" data-wp-class--hide=\"state.isContentHidden\" data-wp-class--show=\"state.isContentVisible\" data-wp-init=\"callbacks.setButtonStyles\" data-wp-on--click=\"actions.showLightbox\" data-wp-on--load=\"callbacks.setButtonStyles\" data-wp-on-window--resize=\"callbacks.setButtonStyles\" data-id=\"86\" src=\"https:\/\/brezina-obrt.hr\/wp-content\/uploads\/2024\/02\/IMG_20230926_082400_resized_20240211_010641774-1024x768.jpg\" alt=\"\" class=\"wp-image-86\" srcset=\"https:\/\/brezina-obrt.hr\/wp-content\/uploads\/2024\/02\/IMG_20230926_082400_resized_20240211_010641774-1024x768.jpg 1024w, https:\/\/brezina-obrt.hr\/wp-content\/uploads\/2024\/02\/IMG_20230926_082400_resized_20240211_010641774-300x225.jpg 300w, https:\/\/brezina-obrt.hr\/wp-content\/uploads\/2024\/02\/IMG_20230926_082400_resized_20240211_010641774-768x576.jpg 768w, https:\/\/brezina-obrt.hr\/wp-content\/uploads\/2024\/02\/IMG_20230926_082400_resized_20240211_010641774-1536x1152.jpg 1536w, https:\/\/brezina-obrt.hr\/wp-content\/uploads\/2024\/02\/IMG_20230926_082400_resized_20240211_010641774-2048x1536.jpg 2048w, https:\/\/brezina-obrt.hr\/wp-content\/uploads\/2024\/02\/IMG_20230926_082400_resized_20240211_010641774-1440x1080.jpg 1440w\" sizes=\"auto, (max-width: 1024px) 100vw, 1024px\" \/><button\n\t\t\tclass=\"lightbox-trigger\"\n\t\t\ttype=\"button\"\n\t\t\taria-haspopup=\"dialog\"\n\t\t\taria-label=\"Uve\u0107aj\"\n\t\t\tdata-wp-init=\"callbacks.initTriggerButton\"\n\t\t\tdata-wp-on--click=\"actions.showLightbox\"\n\t\t\tdata-wp-style--right=\"state.imageButtonRight\"\n\t\t\tdata-wp-style--top=\"state.imageButtonTop\"\n\t\t>\n\t\t\t<svg xmlns=\"http:\/\/www.w3.org\/2000\/svg\" width=\"12\" height=\"12\" fill=\"none\" viewBox=\"0 0 12 12\">\n\t\t\t\t<path fill=\"#fff\" d=\"M2 0a2 2 0 0 0-2 2v2h1.5V2a.5.5 0 0 1 .5-.5h2V0H2Zm2 10.5H2a.5.5 0 0 1-.5-.5V8H0v2a2 2 0 0 0 2 2h2v-1.5ZM8 12v-1.5h2a.5.5 0 0 0 .5-.5V8H12v2a2 2 0 0 1-2 2H8Zm2-12a2 2 0 0 1 2 2v2h-1.5V2a.5.5 0 0 0-.5-.5H8V0h2Z\" \/>\n\t\t\t<\/svg>\n\t\t<\/button><\/figure>\n\n\n\n<figure data-wp-context=\"{&quot;imageId&quot;:&quot;69dfdb1a229ff&quot;}\" data-wp-interactive=\"core\/image\" data-wp-key=\"69dfdb1a229ff\" class=\"wp-block-image size-large wp-lightbox-container\"><img loading=\"lazy\" decoding=\"async\" width=\"1024\" height=\"768\" data-wp-class--hide=\"state.isContentHidden\" data-wp-class--show=\"state.isContentVisible\" data-wp-init=\"callbacks.setButtonStyles\" data-wp-on--click=\"actions.showLightbox\" data-wp-on--load=\"callbacks.setButtonStyles\" data-wp-on-window--resize=\"callbacks.setButtonStyles\" data-id=\"84\" src=\"https:\/\/brezina-obrt.hr\/wp-content\/uploads\/2024\/02\/IMG_20230926_082405_resized_20240211_010641326-1024x768.jpg\" alt=\"\" class=\"wp-image-84\" srcset=\"https:\/\/brezina-obrt.hr\/wp-content\/uploads\/2024\/02\/IMG_20230926_082405_resized_20240211_010641326-1024x768.jpg 1024w, https:\/\/brezina-obrt.hr\/wp-content\/uploads\/2024\/02\/IMG_20230926_082405_resized_20240211_010641326-300x225.jpg 300w, https:\/\/brezina-obrt.hr\/wp-content\/uploads\/2024\/02\/IMG_20230926_082405_resized_20240211_010641326-768x576.jpg 768w, https:\/\/brezina-obrt.hr\/wp-content\/uploads\/2024\/02\/IMG_20230926_082405_resized_20240211_010641326-1536x1152.jpg 1536w, https:\/\/brezina-obrt.hr\/wp-content\/uploads\/2024\/02\/IMG_20230926_082405_resized_20240211_010641326-2048x1536.jpg 2048w, https:\/\/brezina-obrt.hr\/wp-content\/uploads\/2024\/02\/IMG_20230926_082405_resized_20240211_010641326-1440x1080.jpg 1440w\" sizes=\"auto, (max-width: 1024px) 100vw, 1024px\" \/><button\n\t\t\tclass=\"lightbox-trigger\"\n\t\t\ttype=\"button\"\n\t\t\taria-haspopup=\"dialog\"\n\t\t\taria-label=\"Uve\u0107aj\"\n\t\t\tdata-wp-init=\"callbacks.initTriggerButton\"\n\t\t\tdata-wp-on--click=\"actions.showLightbox\"\n\t\t\tdata-wp-style--right=\"state.imageButtonRight\"\n\t\t\tdata-wp-style--top=\"state.imageButtonTop\"\n\t\t>\n\t\t\t<svg xmlns=\"http:\/\/www.w3.org\/2000\/svg\" width=\"12\" height=\"12\" fill=\"none\" viewBox=\"0 0 12 12\">\n\t\t\t\t<path fill=\"#fff\" d=\"M2 0a2 2 0 0 0-2 2v2h1.5V2a.5.5 0 0 1 .5-.5h2V0H2Zm2 10.5H2a.5.5 0 0 1-.5-.5V8H0v2a2 2 0 0 0 2 2h2v-1.5ZM8 12v-1.5h2a.5.5 0 0 0 .5-.5V8H12v2a2 2 0 0 1-2 2H8Zm2-12a2 2 0 0 1 2 2v2h-1.5V2a.5.5 0 0 0-.5-.5H8V0h2Z\" \/>\n\t\t\t<\/svg>\n\t\t<\/button><\/figure>\n\n\n\n<figure data-wp-context=\"{&quot;imageId&quot;:&quot;69dfdb1a2324a&quot;}\" data-wp-interactive=\"core\/image\" data-wp-key=\"69dfdb1a2324a\" class=\"wp-block-image size-large wp-lightbox-container\"><img loading=\"lazy\" decoding=\"async\" width=\"1024\" height=\"768\" data-wp-class--hide=\"state.isContentHidden\" data-wp-class--show=\"state.isContentVisible\" data-wp-init=\"callbacks.setButtonStyles\" data-wp-on--click=\"actions.showLightbox\" data-wp-on--load=\"callbacks.setButtonStyles\" data-wp-on-window--resize=\"callbacks.setButtonStyles\" data-id=\"87\" src=\"https:\/\/brezina-obrt.hr\/wp-content\/uploads\/2024\/02\/IMG_20230926_082409_resized_20240211_010640863-1024x768.jpg\" alt=\"\" class=\"wp-image-87\" srcset=\"https:\/\/brezina-obrt.hr\/wp-content\/uploads\/2024\/02\/IMG_20230926_082409_resized_20240211_010640863-1024x768.jpg 1024w, https:\/\/brezina-obrt.hr\/wp-content\/uploads\/2024\/02\/IMG_20230926_082409_resized_20240211_010640863-300x225.jpg 300w, https:\/\/brezina-obrt.hr\/wp-content\/uploads\/2024\/02\/IMG_20230926_082409_resized_20240211_010640863-768x576.jpg 768w, https:\/\/brezina-obrt.hr\/wp-content\/uploads\/2024\/02\/IMG_20230926_082409_resized_20240211_010640863-1536x1152.jpg 1536w, https:\/\/brezina-obrt.hr\/wp-content\/uploads\/2024\/02\/IMG_20230926_082409_resized_20240211_010640863-2048x1536.jpg 2048w, https:\/\/brezina-obrt.hr\/wp-content\/uploads\/2024\/02\/IMG_20230926_082409_resized_20240211_010640863-1440x1080.jpg 1440w\" sizes=\"auto, (max-width: 1024px) 100vw, 1024px\" \/><button\n\t\t\tclass=\"lightbox-trigger\"\n\t\t\ttype=\"button\"\n\t\t\taria-haspopup=\"dialog\"\n\t\t\taria-label=\"Uve\u0107aj\"\n\t\t\tdata-wp-init=\"callbacks.initTriggerButton\"\n\t\t\tdata-wp-on--click=\"actions.showLightbox\"\n\t\t\tdata-wp-style--right=\"state.imageButtonRight\"\n\t\t\tdata-wp-style--top=\"state.imageButtonTop\"\n\t\t>\n\t\t\t<svg xmlns=\"http:\/\/www.w3.org\/2000\/svg\" width=\"12\" height=\"12\" fill=\"none\" viewBox=\"0 0 12 12\">\n\t\t\t\t<path fill=\"#fff\" d=\"M2 0a2 2 0 0 0-2 2v2h1.5V2a.5.5 0 0 1 .5-.5h2V0H2Zm2 10.5H2a.5.5 0 0 1-.5-.5V8H0v2a2 2 0 0 0 2 2h2v-1.5ZM8 12v-1.5h2a.5.5 0 0 0 .5-.5V8H12v2a2 2 0 0 1-2 2H8Zm2-12a2 2 0 0 1 2 2v2h-1.5V2a.5.5 0 0 0-.5-.5H8V0h2Z\" \/>\n\t\t\t<\/svg>\n\t\t<\/button><\/figure>\n\n\n\n<figure data-wp-context=\"{&quot;imageId&quot;:&quot;69dfdb1a23a61&quot;}\" data-wp-interactive=\"core\/image\" data-wp-key=\"69dfdb1a23a61\" class=\"wp-block-image size-large wp-lightbox-container\"><img loading=\"lazy\" decoding=\"async\" width=\"1024\" height=\"768\" data-wp-class--hide=\"state.isContentHidden\" data-wp-class--show=\"state.isContentVisible\" data-wp-init=\"callbacks.setButtonStyles\" data-wp-on--click=\"actions.showLightbox\" data-wp-on--load=\"callbacks.setButtonStyles\" data-wp-on-window--resize=\"callbacks.setButtonStyles\" data-id=\"88\" src=\"https:\/\/brezina-obrt.hr\/wp-content\/uploads\/2024\/02\/IMG_20230926_082354_resized_20240211_010640339-1-1024x768.jpg\" alt=\"\" class=\"wp-image-88\" srcset=\"https:\/\/brezina-obrt.hr\/wp-content\/uploads\/2024\/02\/IMG_20230926_082354_resized_20240211_010640339-1-1024x768.jpg 1024w, https:\/\/brezina-obrt.hr\/wp-content\/uploads\/2024\/02\/IMG_20230926_082354_resized_20240211_010640339-1-300x225.jpg 300w, https:\/\/brezina-obrt.hr\/wp-content\/uploads\/2024\/02\/IMG_20230926_082354_resized_20240211_010640339-1-768x576.jpg 768w, https:\/\/brezina-obrt.hr\/wp-content\/uploads\/2024\/02\/IMG_20230926_082354_resized_20240211_010640339-1-1536x1152.jpg 1536w, https:\/\/brezina-obrt.hr\/wp-content\/uploads\/2024\/02\/IMG_20230926_082354_resized_20240211_010640339-1-2048x1536.jpg 2048w, https:\/\/brezina-obrt.hr\/wp-content\/uploads\/2024\/02\/IMG_20230926_082354_resized_20240211_010640339-1-1440x1080.jpg 1440w\" sizes=\"auto, (max-width: 1024px) 100vw, 1024px\" \/><button\n\t\t\tclass=\"lightbox-trigger\"\n\t\t\ttype=\"button\"\n\t\t\taria-haspopup=\"dialog\"\n\t\t\taria-label=\"Uve\u0107aj\"\n\t\t\tdata-wp-init=\"callbacks.initTriggerButton\"\n\t\t\tdata-wp-on--click=\"actions.showLightbox\"\n\t\t\tdata-wp-style--right=\"state.imageButtonRight\"\n\t\t\tdata-wp-style--top=\"state.imageButtonTop\"\n\t\t>\n\t\t\t<svg xmlns=\"http:\/\/www.w3.org\/2000\/svg\" width=\"12\" height=\"12\" fill=\"none\" viewBox=\"0 0 12 12\">\n\t\t\t\t<path fill=\"#fff\" d=\"M2 0a2 2 0 0 0-2 2v2h1.5V2a.5.5 0 0 1 .5-.5h2V0H2Zm2 10.5H2a.5.5 0 0 1-.5-.5V8H0v2a2 2 0 0 0 2 2h2v-1.5ZM8 12v-1.5h2a.5.5 0 0 0 .5-.5V8H12v2a2 2 0 0 1-2 2H8Zm2-12a2 2 0 0 1 2 2v2h-1.5V2a.5.5 0 0 0-.5-.5H8V0h2Z\" \/>\n\t\t\t<\/svg>\n\t\t<\/button><\/figure>\n<\/figure>\n\n\n\n<h2 class=\"wp-block-heading\"><\/h2>\n\n\n\n<p><\/p>\n\n\n\n<p><\/p>\n\n\n\n<p><\/p>\n","protected":false},"excerpt":{"rendered":"<p>Pljevilice za vinograd Model B02 Prijenos preko kardana traktora hidrauli\u010dni posmak u stranu 250mm du\u017eina \u010detke 500mm \u0161irina skupljenog stroja 900mm kota\u010di za regulaciju visine<\/p>\n","protected":false},"author":1,"featured_media":18,"parent":0,"menu_order":0,"comment_status":"closed","ping_status":"closed","template":"","meta":{"footnotes":""},"class_list":["post-2","page","type-page","status-publish","has-post-thumbnail","hentry"],"_links":{"self":[{"href":"https:\/\/brezina-obrt.hr\/index.php?rest_route=\/wp\/v2\/pages\/2","targetHints":{"allow":["GET"]}}],"collection":[{"href":"https:\/\/brezina-obrt.hr\/index.php?rest_route=\/wp\/v2\/pages"}],"about":[{"href":"https:\/\/brezina-obrt.hr\/index.php?rest_route=\/wp\/v2\/types\/page"}],"author":[{"embeddable":true,"href":"https:\/\/brezina-obrt.hr\/index.php?rest_route=\/wp\/v2\/users\/1"}],"replies":[{"embeddable":true,"href":"https:\/\/brezina-obrt.hr\/index.php?rest_route=%2Fwp%2Fv2%2Fcomments&post=2"}],"version-history":[{"count":18,"href":"https:\/\/brezina-obrt.hr\/index.php?rest_route=\/wp\/v2\/pages\/2\/revisions"}],"predecessor-version":[{"id":91,"href":"https:\/\/brezina-obrt.hr\/index.php?rest_route=\/wp\/v2\/pages\/2\/revisions\/91"}],"wp:featuredmedia":[{"embeddable":true,"href":"https:\/\/brezina-obrt.hr\/index.php?rest_route=\/wp\/v2\/media\/18"}],"wp:attachment":[{"href":"https:\/\/brezina-obrt.hr\/index.php?rest_route=%2Fwp%2Fv2%2Fmedia&parent=2"}],"curies":[{"name":"wp","href":"https:\/\/api.w.org\/{rel}","templated":true}]}}